{"id":4373,"date":"2023-02-28T17:15:14","date_gmt":"2023-02-28T16:15:14","guid":{"rendered":"https:\/\/www.arcora.ch\/mentions-legales\/"},"modified":"2024-08-16T17:25:17","modified_gmt":"2024-08-16T15:25:17","slug":"legal-information","status":"publish","type":"page","link":"https:\/\/www.arcora.ch\/en\/legal-information\/","title":{"rendered":"Legal information"},"content":{"rendered":"\t\t<div data-elementor-type=\"wp-page\" data-elementor-id=\"4373\" class=\"elementor elementor-4373 elementor-305\" data-elementor-post-type=\"page\">\n\t\t\t\t<div class=\"elementor-element elementor-element-d3fde5b e-con-full e-flex e-con e-parent\" data-id=\"d3fde5b\" data-element_type=\"container\" data-e-type=\"container\" data-settings=\"{&quot;background_background&quot;:&quot;classic&quot;}\">\n\t\t\t\t<\/div>\n\t\t<div class=\"elementor-element elementor-element-5aa4a9a e-con-full e-flex e-con e-parent\" data-id=\"5aa4a9a\" data-element_type=\"container\" data-e-type=\"container\">\n\t\t<div class=\"elementor-element elementor-element-4d038da e-con-full e-flex e-con e-child\" data-id=\"4d038da\" data-element_type=\"container\" data-e-type=\"container\">\n\t\t\t\t<\/div>\n\t\t<div class=\"elementor-element elementor-element-f67265c e-con-full e-flex e-con e-child\" data-id=\"f67265c\" data-element_type=\"container\" data-e-type=\"container\" data-settings=\"{&quot;background_background&quot;:&quot;classic&quot;}\">\n\t\t\t\t<div class=\"elementor-element elementor-element-93cdb19 elementor-widget elementor-widget-spacer\" data-id=\"93cdb19\" data-element_type=\"widget\" data-e-type=\"widget\" data-widget_type=\"spacer.default\">\n\t\t\t\t<div class=\"elementor-widget-container\">\n\t\t\t\t\t\t\t<div class=\"elementor-spacer\">\n\t\t\t<div class=\"elementor-spacer-inner\"><\/div>\n\t\t<\/div>\n\t\t\t\t\t\t<\/div>\n\t\t\t\t<\/div>\n\t\t\t\t<\/div>\n\t\t\t\t<\/div>\n\t\t<div class=\"elementor-element elementor-element-0a5b822 e-con-full e-flex e-con e-parent\" data-id=\"0a5b822\" data-element_type=\"container\" data-e-type=\"container\">\n\t\t\t\t<div class=\"elementor-element elementor-element-c2eef08 elementor-widget elementor-widget-image\" data-id=\"c2eef08\" data-element_type=\"widget\" data-e-type=\"widget\" data-widget_type=\"image.default\">\n\t\t\t\t<div class=\"elementor-widget-container\">\n\t\t\t\t\t\t\t\t\t\t\t\t\t\t\t<img decoding=\"async\" width=\"421\" height=\"56\" src=\"https:\/\/www.arcora.ch\/wp-content\/uploads\/2024\/07\/screenshoteasy-1.png\" class=\"attachment-large size-large wp-image-4110\" alt=\"\" srcset=\"https:\/\/www.arcora.ch\/wp-content\/uploads\/2024\/07\/screenshoteasy-1.png 421w, https:\/\/www.arcora.ch\/wp-content\/uploads\/2024\/07\/screenshoteasy-1-300x40.png 300w\" sizes=\"(max-width: 421px) 100vw, 421px\" \/>\t\t\t\t\t\t\t\t\t\t\t\t\t\t\t<\/div>\n\t\t\t\t<\/div>\n\t\t\t\t<\/div>\n\t\t<div class=\"elementor-element elementor-element-78a23e8 e-flex e-con-boxed e-con e-parent\" data-id=\"78a23e8\" data-element_type=\"container\" data-e-type=\"container\">\n\t\t\t\t\t<div class=\"e-con-inner\">\n\t\t\t\t<div class=\"elementor-element elementor-element-52397ac elementor-widget elementor-widget-heading\" data-id=\"52397ac\" data-element_type=\"widget\" data-e-type=\"widget\" data-widget_type=\"heading.default\">\n\t\t\t\t<div class=\"elementor-widget-container\">\n\t\t\t\t\t<h1 class=\"elementor-heading-title elementor-size-default\">LEGAL<br>\nINFORMATIONS<\/h1>\t\t\t\t<\/div>\n\t\t\t\t<\/div>\n\t\t\t\t\t<\/div>\n\t\t\t\t<\/div>\n\t\t<div class=\"elementor-element elementor-element-0d6e3fe e-flex e-con-boxed e-con e-parent\" data-id=\"0d6e3fe\" data-element_type=\"container\" data-e-type=\"container\" id=\"suite\">\n\t\t\t\t\t<div class=\"e-con-inner\">\n\t\t<div class=\"elementor-element elementor-element-551f7e1 e-con-full e-flex e-con e-child\" data-id=\"551f7e1\" data-element_type=\"container\" data-e-type=\"container\">\n\t\t<div class=\"elementor-element elementor-element-98b5558 e-con-full e-flex elementor-invisible e-con e-child\" data-id=\"98b5558\" data-element_type=\"container\" data-e-type=\"container\" data-settings=\"{&quot;animation&quot;:&quot;fadeIn&quot;}\">\n\t\t<div class=\"elementor-element elementor-element-8962388 e-con-full e-flex e-con e-child\" data-id=\"8962388\" data-element_type=\"container\" data-e-type=\"container\">\n\t\t\t\t<div class=\"elementor-element elementor-element-98939f1 elementor-widget elementor-widget-text-editor\" data-id=\"98939f1\" data-element_type=\"widget\" data-e-type=\"widget\" data-widget_type=\"text-editor.default\">\n\t\t\t\t<div class=\"elementor-widget-container\">\n\t\t\t\t\t\t\t\t\t<h4>Who are we?<\/h4><p>L\u2019adresse de notre site Web est : www.arcora.ch<\/p><h4>\u00c9diteur<\/h4><p>The website is published by<br \/>Arcora SA Gen\u00e8ve<br \/>Bd des Philosophes 8,<br \/>1205 Geneva<\/p><p>+41 (0)22 321 60 15<br \/>info@@arcora.ch<\/p><h4>Host<\/h4><p>It is hosted by :<\/p><p>Infomaniak<br \/>25 Rue Eug\u00e8ne-Marziano,<br \/>1227 Les Acacias \u2013 Suisse<\/p><h4>Web design<\/h4><p><a href=\"https:\/\/www.procomag.ch\/\" target=\"_blank\" rel=\"noopener noreferrer\">Agence Web Procomag<\/a><\/p><h4>Photo and video credits<\/h4><p>Depositphotos<br \/>Envato<br \/>Unsplash<br \/>Istock<\/p><h4>Confidentiality and cookie policy<\/h4><p><a href=\"https:\/\/www.arcora.ch\/en\/privacy-policy\/\">&gt;&gt; See our privacy and cookie policy<\/a><\/p><h4>Applicable law<\/h4><p>This website and these legal notices are governed by Swiss law.<\/p>\t\t\t\t\t\t\t\t<\/div>\n\t\t\t\t<\/div>\n\t\t\t\t<\/div>\n\t\t\t\t<\/div>\n\t\t\t\t<\/div>\n\t\t\t\t\t<\/div>\n\t\t\t\t<\/div>\n\t\t\t\t<\/div>\n\t\t","protected":false},"excerpt":{"rendered":"<p>LEGAL INFORMATIONS Who are we? L\u2019adresse de notre site Web est : www.arcora.ch \u00c9diteur The website is published by Arcora SA Gen\u00e8ve Bd des Philosophes 8, 1205 Geneva +41 (0)22 321 60 15 info@@arcora.ch Host It is hosted by : Infomaniak 25 Rue Eug\u00e8ne-Marziano, 1227 Les Acacias \u2013 Suisse Web design Agence Web Procomag Photo [&hellip;]<\/p>\n","protected":false},"author":1,"featured_media":4199,"parent":0,"menu_order":31,"comment_status":"closed","ping_status":"closed","template":"","meta":{"_editorskit_title_hidden":false,"_editorskit_reading_time":0,"_editorskit_is_block_options_detached":false,"_editorskit_block_options_position":"{}","postBodyCss":"","postBodyMargin":[],"postBodyPadding":[],"postBodyBackground":{"backgroundType":"classic","gradient":""},"footnotes":""},"class_list":["post-4373","page","type-page","status-publish","has-post-thumbnail","hentry"],"_links":{"self":[{"href":"https:\/\/www.arcora.ch\/en\/wp-json\/wp\/v2\/pages\/4373","targetHints":{"allow":["GET"]}}],"collection":[{"href":"https:\/\/www.arcora.ch\/en\/wp-json\/wp\/v2\/pages"}],"about":[{"href":"https:\/\/www.arcora.ch\/en\/wp-json\/wp\/v2\/types\/page"}],"author":[{"embeddable":true,"href":"https:\/\/www.arcora.ch\/en\/wp-json\/wp\/v2\/users\/1"}],"replies":[{"embeddable":true,"href":"https:\/\/www.arcora.ch\/en\/wp-json\/wp\/v2\/comments?post=4373"}],"version-history":[{"count":6,"href":"https:\/\/www.arcora.ch\/en\/wp-json\/wp\/v2\/pages\/4373\/revisions"}],"predecessor-version":[{"id":4670,"href":"https:\/\/www.arcora.ch\/en\/wp-json\/wp\/v2\/pages\/4373\/revisions\/4670"}],"wp:featuredmedia":[{"embeddable":true,"href":"https:\/\/www.arcora.ch\/en\/wp-json\/wp\/v2\/media\/4199"}],"wp:attachment":[{"href":"https:\/\/www.arcora.ch\/en\/wp-json\/wp\/v2\/media?parent=4373"}],"curies":[{"name":"wp","href":"https:\/\/api.w.org\/{rel}","templated":true}]}}